{"id":69,"date":"2024-11-03T13:51:15","date_gmt":"2024-11-03T13:51:15","guid":{"rendered":"https:\/\/eurosalesman.lv\/front-page\/"},"modified":"2025-02-25T15:47:11","modified_gmt":"2025-02-25T15:47:11","slug":"front-page","status":"publish","type":"page","link":"https:\/\/eurosalesman.lv\/lv\/","title":{"rendered":"Pirm\u0101 lapa"},"content":{"rendered":"<div data-elementor-type=\"wp-page\" data-elementor-id=\"69\" class=\"elementor elementor-69\" data-elementor-post-type=\"page\">\n\t\t\t\t<div class=\"elementor-element elementor-element-13fe3afd e-con-full e-flex e-con e-parent\" data-id=\"13fe3afd\" data-element_type=\"container\" data-e-type=\"container\" data-settings=\"{&quot;background_background&quot;:&quot;classic&quot;}\">\n\t\t<div class=\"elementor-element elementor-element-4889cd5d e-con-full e-flex e-con e-child\" data-id=\"4889cd5d\" data-element_type=\"container\" data-e-type=\"container\">\n\t\t\t\t<div class=\"elementor-element elementor-element-6f974cd elementor-widget__width-inherit elementor-widget-divider--view-line elementor-invisible elementor-widget elementor-widget-divider\" data-id=\"6f974cd\" data-element_type=\"widget\" data-e-type=\"widget\" data-settings=\"{&quot;_animation&quot;:&quot;fadeInLeft&quot;}\" data-widget_type=\"divider.default\">\n\t\t\t\t<div class=\"elementor-widget-container\">\n\t\t\t\t\t\t\t<div class=\"elementor-divider\">\n\t\t\t<span class=\"elementor-divider-separator\">\n\t\t\t\t\t\t<\/span>\n\t\t<\/div>\n\t\t\t\t\t\t<\/div>\n\t\t\t\t<\/div>\n\t\t\t\t<div class=\"elementor-element elementor-element-40b0b15c elementor-widget__width-initial elementor-widget-tablet__width-inherit elementor-widget elementor-widget-heading\" data-id=\"40b0b15c\" data-element_type=\"widget\" data-e-type=\"widget\" data-widget_type=\"heading.default\">\n\t\t\t\t<div class=\"elementor-widget-container\">\n\t\t\t\t\t<h1 class=\"elementor-heading-title elementor-size-default\">Latvija - Atkl\u0101j izaugsmi Baltijas sird\u012b!<\/h1>\t\t\t\t<\/div>\n\t\t\t\t<\/div>\n\t\t\t\t<div class=\"elementor-element elementor-element-2fd51a9b elementor-widget__width-initial elementor-widget-tablet__width-inherit elementor-widget elementor-widget-text-editor\" data-id=\"2fd51a9b\" data-element_type=\"widget\" data-e-type=\"widget\" data-widget_type=\"text-editor.default\">\n\t\t\t\t<div class=\"elementor-widget-container\">\n\t\t\t\t\t\t\t\t\t<p>Latvijas strauji augo\u0161\u0101 ekonomika un strat\u0113\u0123isk\u0101 atra\u0161an\u0101s vieta Baltijas valst\u012bs padara Latviju par ide\u0101lu tirgu uz\u0146\u0113mumiem, kas v\u0113las papla\u0161in\u0101t darb\u012bbu Zieme\u013ceirop\u0101 un Austrumeirop\u0101.<\/p>\t\t\t\t\t\t\t\t<\/div>\n\t\t\t\t<\/div>\n\t\t\t\t<\/div>\n\t\t\t\t<\/div>\n\t\t<div class=\"elementor-element elementor-element-e53cac3 e-con-full e-flex e-con e-parent\" data-id=\"e53cac3\" data-element_type=\"container\" data-e-type=\"container\">\n\t\t<div class=\"elementor-element elementor-element-29b8e57 e-con-full e-flex e-con e-child\" data-id=\"29b8e57\" data-element_type=\"container\" data-e-type=\"container\">\n\t\t\t\t<div class=\"elementor-element elementor-element-51bcb93 elementor-widget__width-inherit elementor-widget-divider--view-line elementor-invisible elementor-widget elementor-widget-divider\" data-id=\"51bcb93\" data-element_type=\"widget\" data-e-type=\"widget\" data-settings=\"{&quot;_animation&quot;:&quot;fadeInLeft&quot;}\" data-widget_type=\"divider.default\">\n\t\t\t\t<div class=\"elementor-widget-container\">\n\t\t\t\t\t\t\t<div class=\"elementor-divider\">\n\t\t\t<span class=\"elementor-divider-separator\">\n\t\t\t\t\t\t<\/span>\n\t\t<\/div>\n\t\t\t\t\t\t<\/div>\n\t\t\t\t<\/div>\n\t\t\t\t<div class=\"elementor-element elementor-element-7df5700 elementor-widget__width-initial elementor-widget-tablet__width-inherit elementor-widget elementor-widget-heading\" data-id=\"7df5700\" data-element_type=\"widget\" data-e-type=\"widget\" data-widget_type=\"heading.default\">\n\t\t\t\t<div class=\"elementor-widget-container\">\n\t\t\t\t\t<h2 class=\"elementor-heading-title elementor-size-default\">Izv\u0113l\u0113t\u0101s rekl\u0101mas<\/h2>\t\t\t\t<\/div>\n\t\t\t\t<\/div>\n\t\t\t\t<div class=\"elementor-element elementor-element-142e9c19 elementor-widget__width-initial elementor-widget-tablet__width-inherit elementor-widget elementor-widget-text-editor\" data-id=\"142e9c19\" data-element_type=\"widget\" data-e-type=\"widget\" data-widget_type=\"text-editor.default\">\n\t\t\t\t<div class=\"elementor-widget-container\">\n\t\t\t\t\t\t\t\t\t<p>Turpm\u0101k uzskait\u012bti uz\u0146\u0113mumi, kas ir izv\u0113l\u0113ju\u0161ies prezent\u0113t savus z\u012bmolus Latvij\u0101, izmantojot unik\u0101lo izaugsmes potenci\u0101lu un strat\u0113\u0123isk\u0101s iesp\u0113jas, ko pied\u0101v\u0101 \u0161is jaunais tirgus.<\/p>\t\t\t\t\t\t\t\t<\/div>\n\t\t\t\t<\/div>\n\t\t\t\t<\/div>\n\t\t<div class=\"elementor-element elementor-element-3c27753 e-con-full e-flex e-con e-child\" data-id=\"3c27753\" data-element_type=\"container\" data-e-type=\"container\">\n\t\t\t\t<div class=\"elementor-element elementor-element-9b6ab8f elementor-widget__width-inherit elementor-widget elementor-widget-shortcode\" data-id=\"9b6ab8f\" data-element_type=\"widget\" data-e-type=\"widget\" data-widget_type=\"shortcode.default\">\n\t\t\t\t<div class=\"elementor-widget-container\">\n\t\t\t\t\t\t\t<div class=\"elementor-shortcode\"><div class=\"myplugin-site-posts-filter\"><form method=\"get\" action=\"\"><label for=\"category-filter\">Filtr\u0113t p\u0113c kategorijas:<\/label> <select id=\"category-filter\" name=\"category\" onchange=\"this.form.submit()\"><option value=\"\">Visas kategorijas<\/option><option value=\"professional-services\" >Profesion\u0101lie pakalpojumi<\/option><option value=\"technology-innovation\" >Tehnolo\u0123ijas un inov\u0101cijas<\/option><option value=\"retail-e-commerce\" >Mazumtirdzniec\u012bba un e-komercija<\/option><option value=\"health-wellness\" >Vesel\u012bba un labsaj\u016bta<\/option><option value=\"construction-real-estate\" >B\u016bvniec\u012bba un nekustamais \u012bpa\u0161ums<\/option><option value=\"finance-insurance\" >Finanses un apdro\u0161in\u0101\u0161ana<\/option><option value=\"education-training\" >Izgl\u012bt\u012bba un apm\u0101c\u012bba<\/option><option value=\"logistics-manufacturing\" >Lo\u0123istika un ra\u017eo\u0161ana<\/option><\/select><input type=\"hidden\" name=\"trp-form-language\" value=\"lv\"\/><\/form><\/div><div class=\"myplugin-site-posts\"><p>\u0160aj\u0101 kategorij\u0101 nav atrasts neviens ieraksts.<\/p><\/div><\/div>\n\t\t\t\t\t\t<\/div>\n\t\t\t\t<\/div>\n\t\t\t\t<\/div>\n\t\t\t\t<\/div>\n\t\t<div class=\"elementor-element elementor-element-1d0e29b7 e-con-full e-flex e-con e-parent\" data-id=\"1d0e29b7\" data-element_type=\"container\" data-e-type=\"container\" data-settings=\"{&quot;background_background&quot;:&quot;classic&quot;}\">\n\t\t<div class=\"elementor-element elementor-element-69df4861 e-con-full e-flex e-con e-child\" data-id=\"69df4861\" data-element_type=\"container\" data-e-type=\"container\">\n\t\t\t\t<div class=\"elementor-element elementor-element-5ceb7117 elementor-invisible elementor-widget elementor-widget-heading\" data-id=\"5ceb7117\" data-element_type=\"widget\" data-e-type=\"widget\" data-settings=\"{&quot;_animation&quot;:&quot;fadeIn&quot;}\" data-widget_type=\"heading.default\">\n\t\t\t\t<div class=\"elementor-widget-container\">\n\t\t\t\t\t<h2 class=\"elementor-heading-title elementor-size-default\">Vai v\u0113laties uzlabot savu uz\u0146\u0113m\u0113jdarb\u012bbu jau \u0161odien?<\/h2>\t\t\t\t<\/div>\n\t\t\t\t<\/div>\n\t\t\t\t<div class=\"elementor-element elementor-element-4ba88f8 elementor-widget elementor-widget-text-editor\" data-id=\"4ba88f8\" data-element_type=\"widget\" data-e-type=\"widget\" data-settings=\"{&quot;_animation&quot;:&quot;none&quot;}\" data-widget_type=\"text-editor.default\">\n\t\t\t\t<div class=\"elementor-widget-container\">\n\t\t\t\t\t\t\t\t\t<p>Sazinieties ar mums jau \u0161odien, lai uzzin\u0101tu vair\u0101k par to, k\u0101 m\u0113s varam pal\u012bdz\u0113t jums prec\u012bzi un p\u0101rliecino\u0161i sasniegt j\u016bsu m\u0101rketinga m\u0113r\u0137us.<\/p>\t\t\t\t\t\t\t\t<\/div>\n\t\t\t\t<\/div>\n\t\t\t\t<div class=\"elementor-element elementor-element-705de85b elementor-align-justify elementor-widget__width-initial elementor-widget elementor-widget-button\" data-id=\"705de85b\" data-element_type=\"widget\" data-e-type=\"widget\" data-widget_type=\"button.default\">\n\t\t\t\t<div class=\"elementor-widget-container\">\n\t\t\t\t\t\t\t\t\t<div class=\"elementor-button-wrapper\">\n\t\t\t\t\t<a class=\"elementor-button elementor-size-sm\" role=\"button\">\n\t\t\t\t\t\t<span class=\"elementor-button-content-wrapper\">\n\t\t\t\t\t\t\t\t\t<span class=\"elementor-button-text\">sazinieties ar mums<\/span>\n\t\t\t\t\t<\/span>\n\t\t\t\t\t<\/a>\n\t\t\t\t<\/div>\n\t\t\t\t\t\t\t\t<\/div>\n\t\t\t\t<\/div>\n\t\t\t\t<\/div>\n\t\t<div class=\"elementor-element elementor-element-3d26a195 e-con-full e-flex e-con e-child\" data-id=\"3d26a195\" data-element_type=\"container\" data-e-type=\"container\" data-settings=\"{&quot;background_background&quot;:&quot;classic&quot;}\">\n\t\t\t\t<\/div>\n\t\t\t\t<\/div>\n\t\t\t\t<\/div>","protected":false},"excerpt":{"rendered":"<p>Latvija - Atkl\u0101j izaugsmi Baltijas sird\u012b! Latvijas strauji augo\u0161\u0101 ekonomika un strat\u0113\u0123iski izdev\u012bg\u0101 atra\u0161an\u0101s vieta Baltijas valst\u012bs padara Latviju par ide\u0101lu tirgu uz\u0146\u0113mumiem, kas v\u0113las papla\u0161in\u0101ties Zieme\u013ceirop\u0101 un Austrumeirop\u0101. Zem\u0101k redzam\u0101s rekl\u0101mas Zem\u0101k ir uz\u0146\u0113mumi, kas izv\u0113l\u0113ju\u0161ies prezent\u0113t savus z\u012bmolus Latvij\u0101, izmantojot unik\u0101lo izaugsmes potenci\u0101lu un [...]<\/p>","protected":false},"author":3,"featured_media":0,"parent":0,"menu_order":0,"comment_status":"closed","ping_status":"closed","template":"elementor_header_footer","meta":{"footnotes":""},"class_list":["post-69","page","type-page","status-publish","hentry"],"_links":{"self":[{"href":"https:\/\/eurosalesman.lv\/lv\/wp-json\/wp\/v2\/pages\/69","targetHints":{"allow":["GET"]}}],"collection":[{"href":"https:\/\/eurosalesman.lv\/lv\/wp-json\/wp\/v2\/pages"}],"about":[{"href":"https:\/\/eurosalesman.lv\/lv\/wp-json\/wp\/v2\/types\/page"}],"author":[{"embeddable":true,"href":"https:\/\/eurosalesman.lv\/lv\/wp-json\/wp\/v2\/users\/3"}],"replies":[{"embeddable":true,"href":"https:\/\/eurosalesman.lv\/lv\/wp-json\/wp\/v2\/comments?post=69"}],"version-history":[{"count":13,"href":"https:\/\/eurosalesman.lv\/lv\/wp-json\/wp\/v2\/pages\/69\/revisions"}],"predecessor-version":[{"id":147,"href":"https:\/\/eurosalesman.lv\/lv\/wp-json\/wp\/v2\/pages\/69\/revisions\/147"}],"wp:attachment":[{"href":"https:\/\/eurosalesman.lv\/lv\/wp-json\/wp\/v2\/media?parent=69"}],"curies":[{"name":"wp","href":"https:\/\/api.w.org\/{rel}","templated":true}]}}